{"id":15,"date":"2023-04-20T16:33:08","date_gmt":"2023-04-20T19:33:08","guid":{"rendered":"http:\/\/goncalvesmirandaadvogados.com\/?page_id=15"},"modified":"2023-05-24T21:40:34","modified_gmt":"2023-05-25T00:40:34","slug":"nossa-equipe","status":"publish","type":"page","link":"https:\/\/goncalvesmirandaadvogados.com\/?page_id=15","title":{"rendered":"NOSSA EQUIPE"},"content":{"rendered":"\t\t<div data-elementor-type=\"wp-page\" data-elementor-id=\"15\" class=\"elementor elementor-15\">\n\t\t\t\t<div class=\"elementor-element elementor-element-3b674082 e-flex e-con-boxed e-con e-parent\" data-id=\"3b674082\" data-element_type=\"container\" data-e-type=\"container\" data-settings=\"{&quot;background_background&quot;:&quot;classic&quot;,&quot;shape_divider_bottom&quot;:&quot;tilt&quot;}\">\n\t\t\t\t\t<div class=\"e-con-inner\">\n\t\t\t\t<div class=\"elementor-shape elementor-shape-bottom\" aria-hidden=\"true\" data-negative=\"false\">\n\t\t\t<svg xmlns=\"http:\/\/www.w3.org\/2000\/svg\" viewBox=\"0 0 1000 100\" preserveAspectRatio=\"none\">\n\t<path class=\"elementor-shape-fill\" d=\"M0,6V0h1000v100L0,6z\"\/>\n<\/svg>\t\t<\/div>\n\t\t\t\t<div class=\"elementor-element elementor-element-6ead57c elementor-widget elementor-widget-spacer\" data-id=\"6ead57c\" data-element_type=\"widget\" data-e-type=\"widget\" data-widget_type=\"spacer.default\">\n\t\t\t\t<div class=\"elementor-widget-container\">\n\t\t\t\t\t\t\t<div class=\"elementor-spacer\">\n\t\t\t<div class=\"elementor-spacer-inner\"><\/div>\n\t\t<\/div>\n\t\t\t\t\t\t<\/div>\n\t\t\t\t<\/div>\n\t\t\t\t\t<\/div>\n\t\t\t\t<\/div>\n\t\t\t\t<section class=\"elementor-section elementor-top-section elementor-element elementor-element-52cd01f8 elementor-section-boxed elementor-section-height-default elementor-section-height-default\" data-id=\"52cd01f8\" data-element_type=\"section\" data-e-type=\"section\">\n\t\t\t\t\t\t<div class=\"elementor-container elementor-column-gap-default\">\n\t\t\t\t\t<div class=\"elementor-column elementor-col-100 elementor-top-column elementor-element elementor-element-1b01bab2\" data-id=\"1b01bab2\" data-element_type=\"column\" data-e-type=\"column\">\n\t\t\t<div class=\"elementor-widget-wrap elementor-element-populated\">\n\t\t\t\t\t\t<div class=\"elementor-element elementor-element-12a66ebe elementor-widget elementor-widget-heading\" data-id=\"12a66ebe\" data-element_type=\"widget\" data-e-type=\"widget\" data-widget_type=\"heading.default\">\n\t\t\t\t<div class=\"elementor-widget-container\">\n\t\t\t\t\t<h2 class=\"elementor-heading-title elementor-size-default\">Nossa Equipe<\/h2>\t\t\t\t<\/div>\n\t\t\t\t<\/div>\n\t\t\t\t<div class=\"elementor-element elementor-element-5b1706d3 elementor-widget elementor-widget-text-editor\" data-id=\"5b1706d3\" data-element_type=\"widget\" data-e-type=\"widget\" data-widget_type=\"text-editor.default\">\n\t\t\t\t<div class=\"elementor-widget-container\">\n\t\t\t\t\t\t\t\t\t<p><\/p><p>Nossa equipe de advogados \u00e9 altamente qualificada e comprometida em oferecer as melhores solu\u00e7\u00f5es jur\u00eddicas para nossos clientes. Cada membro possui um perfil \u00fanico e complementar, trabalhando de forma integrada e multidisciplinar para obter os melhores resultados. Estamos sempre atualizados e prontos para atender \u00e0s suas necessidades jur\u00eddicas com um atendimento personalizado e de alta qualidade. Conte conosco!<\/p><p><\/p>\t\t\t\t\t\t\t\t<\/div>\n\t\t\t\t<\/div>\n\t\t\t\t\t<\/div>\n\t\t<\/div>\n\t\t\t\t\t<\/div>\n\t\t<\/section>\n\t\t<div class=\"elementor-element elementor-element-dca3ccb e-flex e-con-boxed e-con e-parent\" data-id=\"dca3ccb\" data-element_type=\"container\" data-e-type=\"container\">\n\t\t\t\t\t<div class=\"e-con-inner\">\n\t\t\t\t<div class=\"elementor-element elementor-element-72ad908 imgzoom container elementor-widget elementor-widget-image\" data-id=\"72ad908\" data-element_type=\"widget\" data-e-type=\"widget\" data-widget_type=\"image.default\">\n\t\t\t\t<div class=\"elementor-widget-container\">\n\t\t\t\t\t\t\t\t\t\t\t\t\t\t\t<img fetchpriority=\"high\" decoding=\"async\" width=\"770\" height=\"770\" src=\"https:\/\/goncalvesmirandaadvogados.com\/wp-content\/uploads\/2023\/05\/adv001.jpg\" class=\"attachment-large size-large wp-image-483\" alt=\"\" srcset=\"https:\/\/goncalvesmirandaadvogados.com\/wp-content\/uploads\/2023\/05\/adv001.jpg 770w, https:\/\/goncalvesmirandaadvogados.com\/wp-content\/uploads\/2023\/05\/adv001-300x300.jpg 300w, https:\/\/goncalvesmirandaadvogados.com\/wp-content\/uploads\/2023\/05\/adv001-150x150.jpg 150w, https:\/\/goncalvesmirandaadvogados.com\/wp-content\/uploads\/2023\/05\/adv001-768x768.jpg 768w\" sizes=\"(max-width: 770px) 100vw, 770px\" \/>\t\t\t\t\t\t\t\t\t\t\t\t\t\t\t<\/div>\n\t\t\t\t<\/div>\n\t\t\t\t<div class=\"elementor-element elementor-element-5074688 imgzoom container elementor-widget elementor-widget-image\" data-id=\"5074688\" data-element_type=\"widget\" data-e-type=\"widget\" data-widget_type=\"image.default\">\n\t\t\t\t<div class=\"elementor-widget-container\">\n\t\t\t\t\t\t\t\t\t\t\t\t\t\t\t<img decoding=\"async\" width=\"770\" height=\"770\" data-src=\"https:\/\/goncalvesmirandaadvogados.com\/wp-content\/uploads\/2023\/05\/adv002.jpg\" class=\"attachment-large size-large wp-image-484 lazyload\" alt=\"\" data-srcset=\"https:\/\/goncalvesmirandaadvogados.com\/wp-content\/uploads\/2023\/05\/adv002.jpg 770w, https:\/\/goncalvesmirandaadvogados.com\/wp-content\/uploads\/2023\/05\/adv002-300x300.jpg 300w, https:\/\/goncalvesmirandaadvogados.com\/wp-content\/uploads\/2023\/05\/adv002-150x150.jpg 150w, https:\/\/goncalvesmirandaadvogados.com\/wp-content\/uploads\/2023\/05\/adv002-768x768.jpg 768w\" data-sizes=\"(max-width: 770px) 100vw, 770px\" src=\"data:image\/svg+xml;base64,PHN2ZyB3aWR0aD0iMSIgaGVpZ2h0PSIxIiB4bWxucz0iaHR0cDovL3d3dy53My5vcmcvMjAwMC9zdmciPjwvc3ZnPg==\" style=\"--smush-placeholder-width: 770px; --smush-placeholder-aspect-ratio: 770\/770;\" \/>\t\t\t\t\t\t\t\t\t\t\t\t\t\t\t<\/div>\n\t\t\t\t<\/div>\n\t\t\t\t<div class=\"elementor-element elementor-element-3cf0135 imgzoom container elementor-widget elementor-widget-image\" data-id=\"3cf0135\" data-element_type=\"widget\" data-e-type=\"widget\" data-widget_type=\"image.default\">\n\t\t\t\t<div class=\"elementor-widget-container\">\n\t\t\t\t\t\t\t\t\t\t\t\t\t\t\t<img decoding=\"async\" width=\"770\" height=\"770\" data-src=\"https:\/\/goncalvesmirandaadvogados.com\/wp-content\/uploads\/2023\/05\/adv003.jpg\" class=\"attachment-large size-large wp-image-485 lazyload\" alt=\"\" data-srcset=\"https:\/\/goncalvesmirandaadvogados.com\/wp-content\/uploads\/2023\/05\/adv003.jpg 770w, https:\/\/goncalvesmirandaadvogados.com\/wp-content\/uploads\/2023\/05\/adv003-300x300.jpg 300w, https:\/\/goncalvesmirandaadvogados.com\/wp-content\/uploads\/2023\/05\/adv003-150x150.jpg 150w, https:\/\/goncalvesmirandaadvogados.com\/wp-content\/uploads\/2023\/05\/adv003-768x768.jpg 768w\" data-sizes=\"(max-width: 770px) 100vw, 770px\" src=\"data:image\/svg+xml;base64,PHN2ZyB3aWR0aD0iMSIgaGVpZ2h0PSIxIiB4bWxucz0iaHR0cDovL3d3dy53My5vcmcvMjAwMC9zdmciPjwvc3ZnPg==\" style=\"--smush-placeholder-width: 770px; --smush-placeholder-aspect-ratio: 770\/770;\" \/>\t\t\t\t\t\t\t\t\t\t\t\t\t\t\t<\/div>\n\t\t\t\t<\/div>\n\t\t\t\t\t<\/div>\n\t\t\t\t<\/div>\n\t\t<div class=\"elementor-element elementor-element-d98c2cd e-flex e-con-boxed e-con e-parent\" data-id=\"d98c2cd\" data-element_type=\"container\" data-e-type=\"container\">\n\t\t\t\t\t<div class=\"e-con-inner\">\n\t\t\t\t<div class=\"elementor-element elementor-element-ca05442 imgzoom container elementor-widget elementor-widget-image\" data-id=\"ca05442\" data-element_type=\"widget\" data-e-type=\"widget\" data-widget_type=\"image.default\">\n\t\t\t\t<div class=\"elementor-widget-container\">\n\t\t\t\t\t\t\t\t\t\t\t\t\t\t\t<img decoding=\"async\" width=\"769\" height=\"769\" data-src=\"https:\/\/goncalvesmirandaadvogados.com\/wp-content\/uploads\/2023\/05\/adv004.jpg\" class=\"attachment-large size-large wp-image-486 lazyload\" alt=\"\" data-srcset=\"https:\/\/goncalvesmirandaadvogados.com\/wp-content\/uploads\/2023\/05\/adv004.jpg 769w, https:\/\/goncalvesmirandaadvogados.com\/wp-content\/uploads\/2023\/05\/adv004-300x300.jpg 300w, https:\/\/goncalvesmirandaadvogados.com\/wp-content\/uploads\/2023\/05\/adv004-150x150.jpg 150w\" data-sizes=\"(max-width: 769px) 100vw, 769px\" src=\"data:image\/svg+xml;base64,PHN2ZyB3aWR0aD0iMSIgaGVpZ2h0PSIxIiB4bWxucz0iaHR0cDovL3d3dy53My5vcmcvMjAwMC9zdmciPjwvc3ZnPg==\" style=\"--smush-placeholder-width: 769px; --smush-placeholder-aspect-ratio: 769\/769;\" \/>\t\t\t\t\t\t\t\t\t\t\t\t\t\t\t<\/div>\n\t\t\t\t<\/div>\n\t\t\t\t<div class=\"elementor-element elementor-element-f2839dc imgzoom container elementor-widget elementor-widget-image\" data-id=\"f2839dc\" data-element_type=\"widget\" data-e-type=\"widget\" data-widget_type=\"image.default\">\n\t\t\t\t<div class=\"elementor-widget-container\">\n\t\t\t\t\t\t\t\t\t\t\t\t\t\t\t<img decoding=\"async\" width=\"769\" height=\"770\" data-src=\"https:\/\/goncalvesmirandaadvogados.com\/wp-content\/uploads\/2023\/05\/adv005.jpg\" class=\"attachment-large size-large wp-image-487 lazyload\" alt=\"\" data-srcset=\"https:\/\/goncalvesmirandaadvogados.com\/wp-content\/uploads\/2023\/05\/adv005.jpg 769w, https:\/\/goncalvesmirandaadvogados.com\/wp-content\/uploads\/2023\/05\/adv005-300x300.jpg 300w, https:\/\/goncalvesmirandaadvogados.com\/wp-content\/uploads\/2023\/05\/adv005-150x150.jpg 150w\" data-sizes=\"(max-width: 769px) 100vw, 769px\" src=\"data:image\/svg+xml;base64,PHN2ZyB3aWR0aD0iMSIgaGVpZ2h0PSIxIiB4bWxucz0iaHR0cDovL3d3dy53My5vcmcvMjAwMC9zdmciPjwvc3ZnPg==\" style=\"--smush-placeholder-width: 769px; --smush-placeholder-aspect-ratio: 769\/770;\" \/>\t\t\t\t\t\t\t\t\t\t\t\t\t\t\t<\/div>\n\t\t\t\t<\/div>\n\t\t\t\t<div class=\"elementor-element elementor-element-c3a841f imgzoom container elementor-widget elementor-widget-image\" data-id=\"c3a841f\" data-element_type=\"widget\" data-e-type=\"widget\" data-widget_type=\"image.default\">\n\t\t\t\t<div class=\"elementor-widget-container\">\n\t\t\t\t\t\t\t\t\t\t\t\t\t\t\t<img decoding=\"async\" width=\"769\" height=\"769\" data-src=\"https:\/\/goncalvesmirandaadvogados.com\/wp-content\/uploads\/2023\/05\/adv006.jpg\" class=\"attachment-large size-large wp-image-488 lazyload\" alt=\"\" data-srcset=\"https:\/\/goncalvesmirandaadvogados.com\/wp-content\/uploads\/2023\/05\/adv006.jpg 769w, https:\/\/goncalvesmirandaadvogados.com\/wp-content\/uploads\/2023\/05\/adv006-300x300.jpg 300w, https:\/\/goncalvesmirandaadvogados.com\/wp-content\/uploads\/2023\/05\/adv006-150x150.jpg 150w\" data-sizes=\"(max-width: 769px) 100vw, 769px\" src=\"data:image\/svg+xml;base64,PHN2ZyB3aWR0aD0iMSIgaGVpZ2h0PSIxIiB4bWxucz0iaHR0cDovL3d3dy53My5vcmcvMjAwMC9zdmciPjwvc3ZnPg==\" style=\"--smush-placeholder-width: 769px; --smush-placeholder-aspect-ratio: 769\/769;\" \/>\t\t\t\t\t\t\t\t\t\t\t\t\t\t\t<\/div>\n\t\t\t\t<\/div>\n\t\t\t\t\t<\/div>\n\t\t\t\t<\/div>\n\t\t\t\t<\/div>\n\t\t","protected":false},"excerpt":{"rendered":"<p>Nossa Equipe Nossa equipe de advogados \u00e9 altamente qualificada e comprometida em oferecer as melhores solu\u00e7\u00f5es jur\u00eddicas para nossos clientes. Cada membro possui um perfil \u00fanico e complementar, trabalhando de forma integrada e multidisciplinar para obter os melhores resultados. Estamos sempre atualizados e prontos para atender \u00e0s suas necessidades jur\u00eddicas com um atendimento personalizado e [&hellip;]<\/p>\n","protected":false},"author":1,"featured_media":0,"parent":0,"menu_order":0,"comment_status":"closed","ping_status":"closed","template":"","meta":{"footnotes":""},"class_list":["post-15","page","type-page","status-publish","hentry"],"_links":{"self":[{"href":"https:\/\/goncalvesmirandaadvogados.com\/index.php?rest_route=\/wp\/v2\/pages\/15","targetHints":{"allow":["GET"]}}],"collection":[{"href":"https:\/\/goncalvesmirandaadvogados.com\/index.php?rest_route=\/wp\/v2\/pages"}],"about":[{"href":"https:\/\/goncalvesmirandaadvogados.com\/index.php?rest_route=\/wp\/v2\/types\/page"}],"author":[{"embeddable":true,"href":"https:\/\/goncalvesmirandaadvogados.com\/index.php?rest_route=\/wp\/v2\/users\/1"}],"replies":[{"embeddable":true,"href":"https:\/\/goncalvesmirandaadvogados.com\/index.php?rest_route=%2Fwp%2Fv2%2Fcomments&post=15"}],"version-history":[{"count":49,"href":"https:\/\/goncalvesmirandaadvogados.com\/index.php?rest_route=\/wp\/v2\/pages\/15\/revisions"}],"predecessor-version":[{"id":601,"href":"https:\/\/goncalvesmirandaadvogados.com\/index.php?rest_route=\/wp\/v2\/pages\/15\/revisions\/601"}],"wp:attachment":[{"href":"https:\/\/goncalvesmirandaadvogados.com\/index.php?rest_route=%2Fwp%2Fv2%2Fmedia&parent=15"}],"curies":[{"name":"wp","href":"https:\/\/api.w.org\/{rel}","templated":true}]}}